{"id":122,"date":"2017-01-31T17:43:49","date_gmt":"2017-01-31T16:43:49","guid":{"rendered":"http:\/\/stephaniegibaud.org\/?page_id=122"},"modified":"2025-09-25T17:43:54","modified_gmt":"2025-09-25T15:43:54","slug":"media-coverage","status":"publish","type":"page","link":"https:\/\/stephaniegibaud.org\/index.php\/media-coverage\/","title":{"rendered":"Interviews \/ Media Coverage"},"content":{"rendered":"\n<figure class=\"wp-block-embed is-type-video is-provider-youtube wp-block-embed-youtube wp-embed-aspect-16-9 wp-has-aspect-ratio\"><div class=\"wp-block-embed__wrapper\">\n<iframe  id=\"_ytid_88932\" width=\"480\" height=\"270\" src=\"https:\/\/www.youtube.com\/embed\/gVXem6uQaW4?enablejsapi=1&#038;autoplay=0&#038;cc_load_policy=0&#038;iv_load_policy=1&#038;loop=0&#038;modestbranding=0&#038;rel=1&#038;showinfo=1&#038;playsinline=0&#038;controls=2&#038;autohide=2&#038;theme=dark&#038;color=red&#038;\" class=\"__youtube_prefs__\" allowfullscreen data-no-lazy=\"1\" data-skipgform_ajax_framebjll=\"\"><\/iframe>\n<\/div><\/figure>\n\n\n\n<figure class=\"wp-block-embed is-type-wp-embed is-provider-nexus wp-block-embed-nexus\"><div class=\"wp-block-embed__wrapper\">\n<blockquote class=\"wp-embedded-content\" data-secret=\"o8HfysMf4M\"><a href=\"https:\/\/www.nexus.fr\/actualite\/entretien\/stephanie-gibaud\/\">St\u00e9phanie Gibaud, lanceuse d\u2019alerte : \u00ab L\u2019\u00e9vasion fiscale est quelque chose de criminel et de meurtrier (Vid\u00e9o)<\/a><\/blockquote><iframe class=\"wp-embedded-content\" sandbox=\"allow-scripts\" security=\"restricted\" style=\"position: absolute; clip: rect(1px, 1px, 1px, 1px);\" title=\"\u00ab\u00a0St\u00e9phanie Gibaud, lanceuse d\u2019alerte : \u00ab L\u2019\u00e9vasion fiscale est quelque chose de criminel et de meurtrier (Vid\u00e9o)\u00a0\u00bb &#8212; Nexus\" src=\"https:\/\/www.nexus.fr\/actualite\/entretien\/stephanie-gibaud\/embed\/#?secret=o8HfysMf4M\" data-secret=\"o8HfysMf4M\" width=\"500\" height=\"282\" frameborder=\"0\" marginwidth=\"0\" marginheight=\"0\" scrolling=\"no\"><\/iframe>\n<\/div><\/figure>\n\n\n\n<p><a href=\"https:\/\/panodyssey.com\/fr\/article\/politique\/mon-appel-a-la-dignite-mcgeb6rrj9bg\">https:\/\/panodyssey.com\/fr\/article\/politique\/mon-appel-a-la-dignite-mcgeb6rrj9bg<\/a><\/p>\n\n\n\n<p>Mon appel pour que la France re-devienne un \u00e9tat de droit (en commentaire sous la vid\u00e9o Youtube, la lettre \u00e0 t\u00e9l\u00e9charger pour Mme Borne) :<\/p>\n\n\n\n<figure class=\"wp-block-embed is-type-video is-provider-youtube wp-block-embed-youtube wp-embed-aspect-16-9 wp-has-aspect-ratio\"><div class=\"wp-block-embed__wrapper\">\n<iframe  id=\"_ytid_90932\" width=\"480\" height=\"270\" src=\"https:\/\/www.youtube.com\/embed\/_VSQRJSRY_w?enablejsapi=1&#038;autoplay=0&#038;cc_load_policy=0&#038;iv_load_policy=1&#038;loop=0&#038;modestbranding=0&#038;rel=1&#038;showinfo=1&#038;playsinline=0&#038;controls=2&#038;autohide=2&#038;theme=dark&#038;color=red&#038;\" class=\"__youtube_prefs__\" allowfullscreen data-no-lazy=\"1\" data-skipgform_ajax_framebjll=\"\"><\/iframe>\n<\/div><\/figure>\n\n\n\n<p>Lettre de deux lanceuses d&#8217;alerte suisses \u00e0 Madame Elisabeth Borne, Premi\u00e8re Ministre, reprise par BAM : <a href=\"https:\/\/bam.news\/opinions\/tribune\/stephanie-gibaud-lettre-a-la-premiere-ministre\">https:\/\/bam.news\/opinions\/tribune\/stephanie-gibaud-lettre-a-la-premiere-ministre<\/a><\/p>\n\n\n\n<p><a href=\"https:\/\/www.epochtimes.fr\/de-limportance-de-recentrer-les-entreprises-sur-les-valeurs-dethique-pour-lutter-contre-la-corruption-et-les-conduites-abusives-stephanie-gibaud-lanceuse-dalerte-2426316.html\" data-type=\"URL\" data-id=\"https:\/\/www.epochtimes.fr\/de-limportance-de-recentrer-les-entreprises-sur-les-valeurs-dethique-pour-lutter-contre-la-corruption-et-les-conduites-abusives-stephanie-gibaud-lanceuse-dalerte-2426316.html\">https:\/\/www.epochtimes.fr\/de-limportance-de-recentrer-les-entreprises-sur-<\/a><a href=\"https:\/\/www.epochtimes.fr\/de-limportance-de-recentrer-les-entreprises-sur-les-valeurs-dethique-pour-lutter-contre-la-corruption-et-les-conduites-abusives-stephanie-gibaud-lanceuse-dalerte-2426316.html\">les-valeurs-dethique-pour-lutter-contre-la-corruption-et-les-conduites-abusives-stephanie-gibaud-lanceuse-dalerte-2426316.html<\/a><\/p>\n\n\n\n<p><a href=\"https:\/\/www.epochtimes.fr\/affaire-ubs-la-demande-dindemnisation-de-stephanie-gibaud-rejetee-par-la-justice-une-decision-lunaire-pour-la-lanceuse-dalerte-2434790.html\">https:\/\/www.epochtimes.fr\/affaire-ubs-la-demande-dindemnisation-de-stephanie-gibaud-rejetee-par-la-justice-une-decision-lunaire-pour-la-lanceuse-dalerte-2434790.html<\/a><\/p>\n\n\n\n<figure class=\"wp-block-embed is-type-video is-provider-youtube wp-block-embed-youtube wp-embed-aspect-16-9 wp-has-aspect-ratio\"><div class=\"wp-block-embed__wrapper\">\n<iframe  id=\"_ytid_30427\" width=\"480\" height=\"270\" src=\"https:\/\/www.youtube.com\/embed\/oonRcehmQFo?enablejsapi=1&#038;autoplay=0&#038;cc_load_policy=0&#038;iv_load_policy=1&#038;loop=0&#038;modestbranding=0&#038;rel=1&#038;showinfo=1&#038;playsinline=0&#038;controls=2&#038;autohide=2&#038;theme=dark&#038;color=red&#038;\" class=\"__youtube_prefs__\" allowfullscreen data-no-lazy=\"1\" data-skipgform_ajax_framebjll=\"\"><\/iframe>\n<\/div><\/figure>\n\n\n\n<figure class=\"wp-block-embed is-type-wp-embed is-provider-espritsurcouf wp-block-embed-espritsurcouf\"><div class=\"wp-block-embed__wrapper\">\n<blockquote class=\"wp-embedded-content\" data-secret=\"REmeMs29H9\"><a href=\"https:\/\/espritsurcouf.fr\/securite_la-femme-qui-en-savait-trop_par_alexandre-boisson_n199-211022\/\">SECURITE<\/a><\/blockquote><iframe class=\"wp-embedded-content\" sandbox=\"allow-scripts\" security=\"restricted\" style=\"position: absolute; clip: rect(1px, 1px, 1px, 1px);\" title=\"\u00ab\u00a0SECURITE\u00a0\u00bb &#8212; ESPRITSURCOUF\" src=\"https:\/\/espritsurcouf.fr\/securite_la-femme-qui-en-savait-trop_par_alexandre-boisson_n199-211022\/embed\/#?secret=4WRb26qf6h#?secret=REmeMs29H9\" data-secret=\"REmeMs29H9\" width=\"500\" height=\"282\" frameborder=\"0\" marginwidth=\"0\" marginheight=\"0\" scrolling=\"no\"><\/iframe>\n<\/div><\/figure>\n\n\n\n<p><a href=\"https:\/\/www.mediapart.fr\/journal\/economie\/260922\/ubs-quand-bercy-se-refuse-indemniser-une-lanceuse-d-alerte\">https:\/\/www.mediapart.fr\/journal\/economie\/260922\/ubs-quand-bercy-se-refuse-indemniser-une-lanceuse-d-alerte<\/a><\/p>\n\n\n\n<p><a href=\"https:\/\/www.letemps.ch\/economie\/fraude-fiscale-ubs-francaise-stephanie-gibaud-officiellement-reconnue-lanceuse-dalerte\">https:\/\/www.letemps.ch\/economie\/fraude-fiscale-ubs-francaise-stephanie-gibaud-officiellement-reconnue-lanceuse-dalerte<\/a><\/p>\n\n\n\n<p><a href=\"https:\/\/www.moneyvox.fr\/banque\/actualites\/90167\/fraude-a-ubs-stephanie-gibaud-reconnue-lanceuse-alerte-par-le-defenseur-des-droits\">https:\/\/www.moneyvox.fr\/banque\/actualites\/90167\/fraude-a-ubs-stephanie-gibaud-reconnue-lanceuse-alerte-par-le-defenseur-des-droits<\/a><\/p>\n\n\n\n<p><a href=\"https:\/\/www.lesechos.fr\/finance-marches\/banque-assurances\/ubs-la-lanceuse-dalerte-stephanie-gibaud-pourrait-etre-indemnisee-par-le-fisc-francais-1775809\">https:\/\/www.lesechos.fr\/finance-marches\/banque-assurances\/ubs-la-lanceuse-dalerte-stephanie-gibaud-pourrait-etre-indemnisee-par-le-fisc-francais-1775809<\/a><\/p>\n\n\n\n<figure class=\"wp-block-embed is-type-video is-provider-youtube wp-block-embed-youtube wp-embed-aspect-16-9 wp-has-aspect-ratio\"><div class=\"wp-block-embed__wrapper\">\n<iframe  id=\"_ytid_42870\" width=\"480\" height=\"270\" src=\"https:\/\/www.youtube.com\/embed\/58IUurih0aE?enablejsapi=1&#038;autoplay=0&#038;cc_load_policy=0&#038;iv_load_policy=1&#038;loop=0&#038;modestbranding=0&#038;rel=1&#038;showinfo=1&#038;playsinline=0&#038;controls=2&#038;autohide=2&#038;theme=dark&#038;color=red&#038;\" class=\"__youtube_prefs__\" allowfullscreen data-no-lazy=\"1\" data-skipgform_ajax_framebjll=\"\"><\/iframe>\n<\/div><\/figure>\n\n\n\n<figure class=\"wp-block-embed aligncenter is-type-video is-provider-youtube wp-block-embed-youtube wp-embed-aspect-16-9 wp-has-aspect-ratio\"><div class=\"wp-block-embed__wrapper\">\n<iframe  id=\"_ytid_13199\" width=\"480\" height=\"270\" src=\"https:\/\/www.youtube.com\/embed\/Hq4CQi-JILE?enablejsapi=1&#038;autoplay=0&#038;cc_load_policy=0&#038;iv_load_policy=1&#038;loop=0&#038;modestbranding=0&#038;rel=1&#038;showinfo=1&#038;playsinline=0&#038;controls=2&#038;autohide=2&#038;theme=dark&#038;color=red&#038;\" class=\"__youtube_prefs__\" allowfullscreen data-no-lazy=\"1\" data-skipgform_ajax_framebjll=\"\"><\/iframe>\n<\/div><figcaption><strong>France 24, octobre 2017<\/strong><\/figcaption><\/figure>\n\n\n\n<figure class=\"wp-block-embed aligncenter is-type-video is-provider-youtube wp-block-embed-youtube wp-embed-aspect-16-9 wp-has-aspect-ratio\"><div class=\"wp-block-embed__wrapper\">\n<iframe  id=\"_ytid_93348\" width=\"480\" height=\"270\" src=\"https:\/\/www.youtube.com\/embed\/L3ZIO-mBxfE?enablejsapi=1&#038;autoplay=0&#038;cc_load_policy=0&#038;iv_load_policy=1&#038;loop=0&#038;modestbranding=0&#038;rel=1&#038;showinfo=1&#038;playsinline=0&#038;controls=2&#038;autohide=2&#038;theme=dark&#038;color=red&#038;\" class=\"__youtube_prefs__\" allowfullscreen data-no-lazy=\"1\" data-skipgform_ajax_framebjll=\"\"><\/iframe>\n<\/div><figcaption><strong>Cash investigation &#8211; Paradis fiscaux: St\u00e9phanie Gibaud face \u00e0 Michel Sapin<\/strong><\/figcaption><\/figure>\n\n\n\n<figure class=\"wp-block-embed aligncenter is-type-video is-provider-youtube wp-block-embed-youtube wp-embed-aspect-16-9 wp-has-aspect-ratio\"><div class=\"wp-block-embed__wrapper\">\n<iframe  id=\"_ytid_89132\" width=\"480\" height=\"270\" src=\"https:\/\/www.youtube.com\/embed\/SH69-qP_saE?enablejsapi=1&#038;autoplay=0&#038;cc_load_policy=0&#038;iv_load_policy=1&#038;loop=0&#038;modestbranding=0&#038;rel=1&#038;showinfo=1&#038;playsinline=0&#038;controls=2&#038;autohide=2&#038;theme=dark&#038;color=red&#038;\" class=\"__youtube_prefs__\" allowfullscreen data-no-lazy=\"1\" data-skipgform_ajax_framebjll=\"\"><\/iframe>\n<\/div><figcaption><strong>Interview Thinkerview, 20 juin 2017<\/strong> <\/figcaption><\/figure>\n\n\n\n<p><a href=\"https:\/\/www.francetvinfo.fr\/economie\/impots\/exil-fiscal\/grand-temoin-portrait-de-la-lanceuse-d-alerte-d-ubs_3036403.html#xtor=CS2-765-[twitter]-\">https:\/\/www.francetvinfo.fr\/economie\/impots\/exil-fiscal\/grand-temoin-portrait-de-la-lanceuse-d-alerte-d-ubs_3036403.html#xtor=CS2-765-[twitter]-<\/a><\/p>\n\n\n<p style=\"text-align: center;\"><a href=\"https:\/\/1dex.ch\/2018\/06\/stephanie-gibaud-repond-a-stephane-riand\/\">Entretien avec l\u20191dex (Suisse) sur l\u2019\u00e9tat de la justice, la loi Sapin II, la protection des lanceurs d\u2019alerte, l\u2019hypocrisie de nos \u00ab \u00e9lites \u00bb sur le dossier #Assange etc<\/a><\/p>\n<p style=\"text-align: center;\"><a href=\"https:\/\/www.rtbf.be\/info\/societe\/detail_stephanie-gibaud-lanceuse-d-alerte-l-ennemi-c-est-l-\u00a0etat- francais-qui-ne-protege-pas-ceux-qui-font-eclater-la-verite?id=9924884\" data-wplink-url-error=\"true\">view \u00e0 la RTBF concernant la protection des lanceurs d\u2019alerte en France (mai 2018)<\/a><\/p>\n<p>\u00a0<\/p>\n<p><a href=\"https:\/\/www.zonebourse.com\/cours\/action\/UBS-GROUP-AG-19156942\/actualite\/Fraude-a-UBS-Stephanie-Gibaud-reconnue-lanceuse-d-alerte-41890915\/\">https:\/\/www.zonebourse.com\/cours\/action\/UBS-GROUP-AG-19156942\/actualite\/Fraude-a-UBS-Stephanie-Gibaud-reconnue-lanceuse-d-alerte-41890915\/<\/a><\/p>\n<p><blockquote class=\"wp-embedded-content\" data-secret=\"XTxeoWJuKB\"><a href=\"https:\/\/www.nexus.fr\/actualite\/news\/ubs-stephanie-gibaud\/\">La banque UBS plie devant la lanceuse d&#8217;alerte St\u00e9phanie Gibaud<\/a><\/blockquote><iframe class=\"wp-embedded-content\" sandbox=\"allow-scripts\" security=\"restricted\" style=\"position: absolute; clip: rect(1px, 1px, 1px, 1px);\" title=\"\u00ab\u00a0La banque UBS plie devant la lanceuse d&#8217;alerte St\u00e9phanie Gibaud\u00a0\u00bb &#8212; Nexus\" src=\"https:\/\/www.nexus.fr\/actualite\/news\/ubs-stephanie-gibaud\/embed\/#?secret=XTxeoWJuKB\" data-secret=\"XTxeoWJuKB\" width=\"500\" height=\"282\" frameborder=\"0\" marginwidth=\"0\" marginheight=\"0\" scrolling=\"no\"><\/iframe><\/p>\n<p>\u00a0<\/p>\n<p><a href=\"https:\/\/www.lepoint.fr\/editos-du-point\/laurence-neuer\/l-indemnisation-de-l-informateur-fiscal-semble-encore-insuffisante-04-11-2022-2496479_56.php\">https:\/\/www.lepoint.fr\/editos-du-point\/laurence-neuer\/l-indemnisation-de-l-informateur-fiscal-semble-encore-insuffisante-04-11-2022-2496479_56.php<\/a><\/p>\n<p>\u00a0<\/p>\n<h1 style=\"text-align: left;\">Julian Assange<\/h1>\n\n\n<p><a href=\"https:\/\/francais.rt.com\/entretiens\/78534-proces-assange-pour-stephanie-gibaud-un-dossier-politique\">https:\/\/francais.rt.com\/entretiens\/78534-proces-assange-pour-stephanie-gibaud-un-dossier-politique<\/a><\/p>\n\n\n\n<p id=\"block-acd3249b-d4ca-4726-9153-ed60134476fe\"><a href=\"https:\/\/www.youtube.com\/watch?v=WbqyhxgqN9o\">https:\/\/www.youtube.com\/watch?v=WbqyhxgqN9o<\/a><\/p>\n\n\n\n<p id=\"block-acd3249b-d4ca-4726-9153-ed60134476fe\"><\/p>\n\n\n\n<p><\/p>\n\n\n\n<p>RTS, Emission Infrarouge de mai 2019 : <a href=\"https:\/\/www.rts.ch\/play\/tv\/infrarouge\/video\/faut-il-sauver-le-soldat-assange?id=10419658\">https:\/\/www.rts.ch\/play\/tv\/infrarouge\/video\/faut-il-sauver-le-soldat-assange?id=10419658<\/a><\/p>\n\n\n\n<p><\/p>\n\n\n\n<p><\/p>\n\n\n\n<h2 id=\"block-42454fdb-385e-46da-852f-2e2391c2cc35\"><strong>Tribunes \u00e9crites pour Julian Assange :<\/strong><\/h2>\n\n\n\n<p id=\"block-42454fdb-385e-46da-852f-2e2391c2cc35\"><br><a href=\"https:\/\/francais.rt.com\/opinions\/61054-jesuisassange-par-stephanie-gibaud\">#jesuisassange<\/a> &nbsp;<\/p>\n\n\n\n<p id=\"block-07139f46-d4b4-40d6-a74e-5107ecb89d70\"><a href=\"https:\/\/francais.rt.com\/opinions\/74365-pourquoi-ce-qui-arrive-a-assange-est-important-pour-la-france\">Pourquoi&nbsp;ce qui arrive \u00e0 Assange est important pour la France <\/a><\/p>\n\n\n\n<p id=\"block-e8b2a2f0-3d14-4370-9350-bcf6ec787977\"><a href=\"https:\/\/francais.rt.com\/opinions\/77204-le-courage-et-ses-consequences-geopolitiques?fbclid=IwAR1zJtl1CLGsf3JD_WpZmhOOp5oeVnXK0fqPy3F31j3geqDjl3-mNqMW5L4\">Tribune sur le Courage et ses cons\u00e9quences g\u00e9opolitiques<\/a> :<br><\/p>\n\n\n\n<p><\/p>\n\n\n\n<h2><u>Interventions publiques&nbsp;<\/u>:<\/h2>\n\n\n\n<p><\/p>\n\n\n\n<figure class=\"wp-block-embed is-type-video is-provider-youtube wp-block-embed-youtube wp-embed-aspect-16-9 wp-has-aspect-ratio\"><div class=\"wp-block-embed__wrapper\">\n<iframe  id=\"_ytid_54309\" width=\"480\" height=\"270\" src=\"https:\/\/www.youtube.com\/embed\/fYfN_JCnbDo?enablejsapi=1&#038;autoplay=0&#038;cc_load_policy=0&#038;iv_load_policy=1&#038;loop=0&#038;modestbranding=0&#038;rel=1&#038;showinfo=1&#038;playsinline=0&#038;controls=2&#038;autohide=2&#038;theme=dark&#038;color=red&#038;\" class=\"__youtube_prefs__\" allowfullscreen data-no-lazy=\"1\" data-skipgform_ajax_framebjll=\"\"><\/iframe>\n<\/div><figcaption><strong>TedxClermont talk, octobre 2016 : pourquoi il est important de prot\u00e9ger les lanceurs d\u2019alerte<\/strong><\/figcaption><\/figure>\n\n\n\n<figure class=\"wp-block-embed is-type-video is-provider-youtube wp-block-embed-youtube wp-embed-aspect-16-9 wp-has-aspect-ratio\"><div class=\"wp-block-embed__wrapper\">\n<iframe  id=\"_ytid_29135\" width=\"480\" height=\"270\" src=\"https:\/\/www.youtube.com\/embed\/ea4YLWg2AgY?enablejsapi=1&#038;autoplay=0&#038;cc_load_policy=0&#038;iv_load_policy=1&#038;loop=0&#038;modestbranding=0&#038;rel=1&#038;showinfo=1&#038;playsinline=0&#038;controls=2&#038;autohide=2&#038;theme=dark&#038;color=red&#038;\" class=\"__youtube_prefs__\" allowfullscreen data-no-lazy=\"1\" data-skipgform_ajax_framebjll=\"\"><\/iframe>\n<\/div><figcaption><strong>L\u2019Echapp\u00e9e Vol\u00e9e : Soyons tourn\u00e9s vers le bien commun<\/strong><\/figcaption><\/figure>\n\n\n\n<p><\/p>\n\n\n\n<h2><strong><u>English<\/u><\/strong>:<\/h2>\n\n\n\n<p><a href=\"https:\/\/chrishedges.substack.com\/p\/the-chris-hedges-report-podcast-with-9cd\">https:\/\/chrishedges.substack.com\/p\/the-chris-hedges-report-podcast-with-9cd<\/a><\/p>\n\n\n\n<p><a href=\"https:\/\/sovren.media\/video\/the-woman-who-knew-too-much-french-banking-fraud-4080.html\">https:\/\/sovren.media\/video\/the-woman-who-knew-too-much-french-banking-fraud-4080.html<\/a><\/p>\n\n\n\n<p><a href=\"https:\/\/www.disruptionbanking.com\/2022\/07\/11\/ubs-whistleblower-stephanie-gibaud-fights-for-compensation\/\">https:\/\/www.disruptionbanking.com\/2022\/07\/11\/ubs-whistleblower-stephanie-gibaud-fights-for-compensation\/<\/a><\/p>\n\n\n\n<p><a href=\"https:\/\/www.world-today-news.com\/the-betrayed-whistleblower-stephanie-gibauds-fight-against-the-french-state\/\">https:\/\/www.world-today-news.com\/the-betrayed-whistleblower-stephanie-gibauds-fight-against-the-french-state\/<\/a><\/p>\n\n\n\n<p><a href=\"http:\/\/www.dw.com\/en\/whistleblower-alone-against- the-system\/av-18969749\">DW : \u00ab Whistleblower: alone against the system<\/a> <\/p>\n\n\n\n<p><a href=\"https:\/\/www.linkedin.com\/pulse\/hard-times-whistleblowers-acams-france- chapter\/\">Acams France Chapter<\/a><\/p>\n\n\n\n<p><a href=\"https:\/\/www.dailymotion.com\/video\/x5ioym2\">RT International \u00ab whistleblowing takes your life away \u00bb <\/a><\/p>\n\n\n\n<p><a href=\"https:\/\/www.swissinfo.ch\/eng\/business\/french-tax-evasion-_ubs-whistleblower-criticises-banking-s--code-of-silence-\/40894464\">SwissInfo<\/a><\/p>\n\n\n\n<p><a href=\"https:\/\/www.finews.com\/news\/english-news\/26095-ubs-france-stephanie-gibaud-tax-evasion- strasbourg-sergio-ermotti\">Finews<\/a><\/p>\n\n\n\n<p><a href=\"https:\/\/www.taxjustice.net\/2015\/04\/22\/how-swiss-banks-moved-their-evasion- experts-to-latin-america\/\">Tax Justice Network<\/a><\/p>\n\n\n\n<figure class=\"wp-block-embed is-type-video is-provider-youtube wp-block-embed-youtube wp-embed-aspect-4-3 wp-has-aspect-ratio\"><div class=\"wp-block-embed__wrapper\">\n<iframe  id=\"_ytid_10511\" width=\"480\" height=\"360\" src=\"https:\/\/www.youtube.com\/embed\/DHLA0RYJ1iw?enablejsapi=1&#038;autoplay=0&#038;cc_load_policy=0&#038;iv_load_policy=1&#038;loop=0&#038;modestbranding=0&#038;rel=1&#038;showinfo=1&#038;playsinline=0&#038;controls=2&#038;autohide=2&#038;theme=dark&#038;color=red&#038;\" class=\"__youtube_prefs__\" allowfullscreen data-no-lazy=\"1\" data-skipgform_ajax_framebjll=\"\"><\/iframe>\n<\/div><figcaption><strong>Indian TV (NDTV)<\/strong><\/figcaption><\/figure>\n\n\n\n<figure class=\"wp-block-embed is-type-video is-provider-youtube wp-block-embed-youtube wp-embed-aspect-16-9 wp-has-aspect-ratio\"><div class=\"wp-block-embed__wrapper\">\n<iframe  id=\"_ytid_72948\" width=\"480\" height=\"270\" src=\"https:\/\/www.youtube.com\/embed\/8uKm3B0rv24?enablejsapi=1&#038;autoplay=0&#038;cc_load_policy=0&#038;iv_load_policy=1&#038;loop=0&#038;modestbranding=0&#038;rel=1&#038;showinfo=1&#038;playsinline=0&#038;controls=2&#038;autohide=2&#038;theme=dark&#038;color=red&#038;\" class=\"__youtube_prefs__\" allowfullscreen data-no-lazy=\"1\" data-skipgform_ajax_framebjll=\"\"><\/iframe>\n<\/div><figcaption><strong>Euronews<\/strong><\/figcaption><\/figure>\n\n\n\n<p><\/p>\n\n\n\n<p style=\"font-size:25px\"><strong><u><strong><u>Deutsch<\/u><\/strong> :<\/u><\/strong><\/p>\n\n\n\n<p><a href=\"https:\/\/www.nzz.ch\/wirtschaft\/ubs-whistleblowerin-kritisiert-den-franzoesischen-staat-ich-wurde-manipuliert-ld.1765317\">https:\/\/www.nzz.ch\/wirtschaft\/ubs-whistleblowerin-kritisiert-den-franzoesischen-staat-ich-wurde-manipuliert-ld.1765317<\/a><\/p>\n\n\n\n<p><\/p>\n\n\n\n<h2><strong><u>Espa\u00f1ol&nbsp;:<\/u><\/strong><br><\/h2>\n\n\n\n<figure class=\"wp-block-embed is-type-video is-provider-youtube wp-block-embed-youtube wp-embed-aspect-16-9 wp-has-aspect-ratio\"><div class=\"wp-block-embed__wrapper\">\n<iframe  id=\"_ytid_82396\" width=\"480\" height=\"270\" src=\"https:\/\/www.youtube.com\/embed\/YsIoTvH9DJ8?enablejsapi=1&#038;autoplay=0&#038;cc_load_policy=0&#038;iv_load_policy=1&#038;loop=0&#038;modestbranding=0&#038;rel=1&#038;showinfo=1&#038;playsinline=0&#038;controls=2&#038;autohide=2&#038;theme=dark&#038;color=red&#038;\" class=\"__youtube_prefs__\" allowfullscreen data-no-lazy=\"1\" data-skipgform_ajax_framebjll=\"\"><\/iframe>\n<\/div><figcaption><strong>Conference at the Embassy of Argentina, Paris<\/strong><\/figcaption><\/figure>\n\n\n\n<p><\/p>\n\n\n\n<p><\/p>\n\n\n\n<figure class=\"wp-block-embed is-type-video is-provider-youtube wp-block-embed-youtube wp-embed-aspect-16-9 wp-has-aspect-ratio\"><div class=\"wp-block-embed__wrapper\">\n<iframe  id=\"_ytid_18003\" width=\"480\" height=\"270\" src=\"https:\/\/www.youtube.com\/embed\/0_FE0TrroF0?enablejsapi=1&#038;autoplay=0&#038;cc_load_policy=0&#038;iv_load_policy=1&#038;loop=0&#038;modestbranding=0&#038;rel=1&#038;showinfo=1&#038;playsinline=0&#038;controls=2&#038;autohide=2&#038;theme=dark&#038;color=red&#038;\" class=\"__youtube_prefs__\" allowfullscreen data-no-lazy=\"1\" data-skipgform_ajax_framebjll=\"\"><\/iframe>\n<\/div><\/figure>\n\n\n\n<p><a href=\"http:\/\/www.ambito.com\/795215-no-tenemos-dudas-que-hsbc-monto-una-plataforma-para-fugar-divisas\">http:\/\/www.ambito.com\/795215-no-tenemos-dudas-que-hsbc-monto-una-plataforma-para-fugar-divisas<\/a><\/p>\n\n\n\n<figure class=\"wp-block-embed is-type-video is-provider-youtube wp-block-embed-youtube wp-embed-aspect-16-9 wp-has-aspect-ratio\"><div class=\"wp-block-embed__wrapper\">\n<iframe  id=\"_ytid_24086\" width=\"480\" height=\"270\" src=\"https:\/\/www.youtube.com\/embed\/d1K-ASFzzME?enablejsapi=1&#038;autoplay=0&#038;cc_load_policy=0&#038;iv_load_policy=1&#038;loop=0&#038;modestbranding=0&#038;rel=1&#038;showinfo=1&#038;playsinline=0&#038;controls=2&#038;autohide=2&#038;theme=dark&#038;color=red&#038;\" class=\"__youtube_prefs__\" allowfullscreen data-no-lazy=\"1\" data-skipgform_ajax_framebjll=\"\"><\/iframe>\n<\/div><\/figure>\n\n\n\n<p>https:\/\/www.youtube.com\/watch? v=YsIoTvH9DJ8<\/p>\n\n\n\n<p><a href=\"http:\/\/eleconomista.com.mx\/sistema-financiero\/2015\/06\/18\/ubs-desmiente-red-evasion-fiscal-argentina\">http:\/\/eleconomista.com.mx\/sistema-financiero\/2015\/06\/18\/ubs-desmiente-red-evasion-fiscal-argentina<\/a><\/p>\n\n\n\n<p>http:\/\/www.diariojornada.com.ar\/113505\/economia\/Otra_arrepentida_aportara_a_la_AFIP_ datos_de_4000_cuentas_en_el_UBS<\/p>\n\n\n\n<p><a href=\"https:\/\/www.pagina12.com.ar\/diario\/suplementos\/cash\/17-9716-2016-10-30.html\">https:\/\/www.pagina12.com.ar\/diario\/suplementos\/cash\/17-9716-2016-10-30.html<\/a><\/p>\n\n\n\n<p><a href=\"http:\/\/www.telam.com.ar\/notas\/201506\/109287-denuncio-red-de-intermediarios-fuga-divisas-evasion-fisco-hsbc.html\">http:\/\/www.telam.com.ar\/notas\/201506\/109287-denuncio-red-de-intermediarios-fuga-divisas-evasion-fisco-hsbc.html<\/a><\/p>\n\n\n\n<p><a href=\"https:\/\/www.ccma.cat\/tv3\/alacarta\/sense-ficcio\/alertadors-contra-la-corrupcio\/video\/5560171\/\">https:\/\/www.ccma.cat\/tv3\/alacarta\/sense-ficcio\/alertadors-contra-la-corrupcio\/video\/5560171\/<\/a><\/p>\n\n\n\n<h2><strong><u>Italiano&nbsp;:<\/u><\/strong><br><\/h2>\n\n\n\n<p><a href=\"https:\/\/www.swissinfo.ch\/ita\/economia\/la-carica-di-una-ex-di-ubs-contro-il-silenzio-bancario\/40919656\">https:\/\/www.swissinfo.ch\/ita\/economia\/la-carica-di-una-ex-di-ubs-contro-il-silenzio-bancario\/40919656<\/a><\/p>\n\n\n\n<figure class=\"wp-block-embed is-type-wp-embed is-provider-l-039-urlo wp-block-embed-l-039-urlo\"><div class=\"wp-block-embed__wrapper\">\n<blockquote class=\"wp-embedded-content\" data-secret=\"sRsry6b9m7\"><a href=\"https:\/\/angelomincuzzi.blog.ilsole24ore.com\/2019\/02\/20\/no-stephanie-gibaud-quei-45-miliardi-multa-ubs-dovra-pagare\/\">Il &#8220;no&#8221; di St\u00e9phanie Gibaud e quei 4,5 miliardi di multa che Ubs dovr\u00e0 pagare<\/a><\/blockquote><iframe class=\"wp-embedded-content\" sandbox=\"allow-scripts\" security=\"restricted\" style=\"position: absolute; clip: rect(1px, 1px, 1px, 1px);\" title=\"&#8220;Il &#8220;no&#8221; di St\u00e9phanie Gibaud e quei 4,5 miliardi di multa che Ubs dovr\u00e0 pagare&#8221; &#8212; L&#039;urlo\" src=\"https:\/\/angelomincuzzi.blog.ilsole24ore.com\/2019\/02\/20\/no-stephanie-gibaud-quei-45-miliardi-multa-ubs-dovra-pagare\/embed\/#?secret=0a3cNVM8BF#?secret=sRsry6b9m7\" data-secret=\"sRsry6b9m7\" width=\"500\" height=\"282\" frameborder=\"0\" marginwidth=\"0\" marginheight=\"0\" scrolling=\"no\"><\/iframe>\n<\/div><\/figure>\n","protected":false},"excerpt":{"rendered":"<p>https:\/\/panodyssey.com\/fr\/article\/politique\/mon-appel-a-la-dignite-mcgeb6rrj9bg Mon appel pour que la France re-devienne un \u00e9tat de droit (en commentaire sous la vid\u00e9o Youtube, la lettre \u00e0 t\u00e9l\u00e9charger pour Mme Borne) : Lettre de deux lanceuses d&#8217;alerte suisses \u00e0 Madame&#46;&#46;&#46;<\/p>\n","protected":false},"author":1,"featured_media":0,"parent":0,"menu_order":0,"comment_status":"closed","ping_status":"closed","template":"","meta":[],"_links":{"self":[{"href":"https:\/\/stephaniegibaud.org\/index.php\/wp-json\/wp\/v2\/pages\/122"}],"collection":[{"href":"https:\/\/stephaniegibaud.org\/index.php\/wp-json\/wp\/v2\/pages"}],"about":[{"href":"https:\/\/stephaniegibaud.org\/index.php\/wp-json\/wp\/v2\/types\/page"}],"author":[{"embeddable":true,"href":"https:\/\/stephaniegibaud.org\/index.php\/wp-json\/wp\/v2\/users\/1"}],"replies":[{"embeddable":true,"href":"https:\/\/stephaniegibaud.org\/index.php\/wp-json\/wp\/v2\/comments?post=122"}],"version-history":[{"count":53,"href":"https:\/\/stephaniegibaud.org\/index.php\/wp-json\/wp\/v2\/pages\/122\/revisions"}],"predecessor-version":[{"id":13911,"href":"https:\/\/stephaniegibaud.org\/index.php\/wp-json\/wp\/v2\/pages\/122\/revisions\/13911"}],"wp:attachment":[{"href":"https:\/\/stephaniegibaud.org\/index.php\/wp-json\/wp\/v2\/media?parent=122"}],"curies":[{"name":"wp","href":"https:\/\/api.w.org\/{rel}","templated":true}]}}