{"id":269,"date":"2017-10-01T21:02:22","date_gmt":"2017-10-01T19:02:22","guid":{"rendered":"http:\/\/stephaniegibaud.org\/?page_id=269"},"modified":"2020-10-19T14:25:06","modified_gmt":"2020-10-19T12:25:06","slug":"contact","status":"publish","type":"page","link":"https:\/\/stephaniegibaud.org\/index.php\/contact\/","title":{"rendered":"Contact"},"content":{"rendered":"<p><strong>Pour toutes vos demandes : modules d&#8217;information, conseil, conf\u00e9rences, interviews :<\/strong><\/p>\n<div id='contact-form-269'>\n<form action='https:\/\/stephaniegibaud.org\/index.php\/contact\/#contact-form-269' method='post' class='contact-form commentsblock'>\n\n<div>\n\t\t<label for='g269-nom' class='grunion-field-label name'>Nom<span>(required)<\/span><\/label>\n\t\t<input type='text' name='g269-nom' id='g269-nom' value='' class='name'  required aria-required='true'\/>\n\t<\/div>\n\n<div>\n\t\t<label for='g269-entreprise' class='grunion-field-label text'>Entreprise<\/label>\n\t\t<input type='text' name='g269-entreprise' id='g269-entreprise' value='' class='text'  \/>\n\t<\/div>\n\n<div>\n\t\t<label for='g269-email' class='grunion-field-label email'>E-mail<span>(required)<\/span><\/label>\n\t\t<input type='email' name='g269-email' id='g269-email' value='' class='email'  required aria-required='true'\/>\n\t<\/div>\n\n<div>\n\t\t<label for='g269-numrodetlphone' class='grunion-field-label text'>Num\u00e9ro de t\u00e9l\u00e9phone<\/label>\n\t\t<input type='text' name='g269-numrodetlphone' id='g269-numrodetlphone' value='' class='text'  \/>\n\t<\/div>\n\n<div>\n\t\t<label for='g269-sujet' class='grunion-field-label text'>Sujet<span>(required)<\/span><\/label>\n\t\t<input type='text' name='g269-sujet' id='g269-sujet' value='' class='text'  required aria-required='true'\/>\n\t<\/div>\n\n<div>\n\t\t<label for='contact-form-comment-g269-message' class='grunion-field-label textarea'>Message<span>(required)<\/span><\/label>\n\t\t<textarea name='g269-message' id='contact-form-comment-g269-message' rows='20' class='textarea'  required aria-required='true'><\/textarea>\n\t<\/div>\n\t<p class='contact-submit'>\n\t\t<input type='submit' value='Submit &#187;' class='pushbutton-wide'\/>\n\t\t<input type='hidden' name='contact-form-id' value='269' \/>\n\t\t<input type='hidden' name='action' value='grunion-contact-form' \/>\n\t\t<input type='hidden' name='contact-form-hash' value='3243993d73eac81fec494eaaf60b7175756870fb' \/>\n\t<\/p>\n<\/form>\n<\/div>\n","protected":false},"excerpt":{"rendered":"<p>Pour toutes vos demandes : modules d&#8217;information, conseil, conf\u00e9rences, interviews :<\/p>\n","protected":false},"author":1,"featured_media":0,"parent":0,"menu_order":0,"comment_status":"closed","ping_status":"closed","template":"","meta":[],"_links":{"self":[{"href":"https:\/\/stephaniegibaud.org\/index.php\/wp-json\/wp\/v2\/pages\/269"}],"collection":[{"href":"https:\/\/stephaniegibaud.org\/index.php\/wp-json\/wp\/v2\/pages"}],"about":[{"href":"https:\/\/stephaniegibaud.org\/index.php\/wp-json\/wp\/v2\/types\/page"}],"author":[{"embeddable":true,"href":"https:\/\/stephaniegibaud.org\/index.php\/wp-json\/wp\/v2\/users\/1"}],"replies":[{"embeddable":true,"href":"https:\/\/stephaniegibaud.org\/index.php\/wp-json\/wp\/v2\/comments?post=269"}],"version-history":[{"count":9,"href":"https:\/\/stephaniegibaud.org\/index.php\/wp-json\/wp\/v2\/pages\/269\/revisions"}],"predecessor-version":[{"id":3027,"href":"https:\/\/stephaniegibaud.org\/index.php\/wp-json\/wp\/v2\/pages\/269\/revisions\/3027"}],"wp:attachment":[{"href":"https:\/\/stephaniegibaud.org\/index.php\/wp-json\/wp\/v2\/media?parent=269"}],"curies":[{"name":"wp","href":"https:\/\/api.w.org\/{rel}","templated":true}]}}