{"id":7,"date":"2017-09-14T15:29:20","date_gmt":"2017-09-14T13:29:20","guid":{"rendered":"http:\/\/stephaniegibaud.org\/index.php\/panier\/"},"modified":"2017-10-03T22:42:40","modified_gmt":"2017-10-03T20:42:40","slug":"panier","status":"publish","type":"page","link":"https:\/\/stephaniegibaud.org\/index.php\/panier\/","title":{"rendered":"Panier"},"content":{"rendered":"<p><strong>Merci pour votre commande en direct et votre soutien \u00e0 St\u00e9phanie Gibaud.<br \/>\n<\/strong><\/p>\n<p><strong>Possibilit\u00e9 de remise en main propre lors de rencontres avec l&#8217;auteur (aucun frais de port). <\/strong><strong>Frais de port fortement d\u00e9gressif en fonction des quantit\u00e9s command\u00e9es.<\/strong><\/p>\n<div class=\"woocommerce\"><p class=\"cart-empty\">Your cart is currently empty.<\/p>\t<p class=\"return-to-shop\">\n\t\t<a class=\"button wc-backward\" href=\"\">\n\t\t\tReturn to shop\t\t<\/a>\n\t<\/p>\n<\/div>\n","protected":false},"excerpt":{"rendered":"<p>Merci pour votre commande en direct et votre soutien \u00e0 St\u00e9phanie Gibaud. Possibilit\u00e9 de remise en main propre lors de rencontres avec l&#8217;auteur (aucun frais de port). Frais de port fortement d\u00e9gressif en fonction&#46;&#46;&#46;<\/p>\n","protected":false},"author":1,"featured_media":0,"parent":0,"menu_order":0,"comment_status":"closed","ping_status":"closed","template":"","meta":[],"_links":{"self":[{"href":"https:\/\/stephaniegibaud.org\/index.php\/wp-json\/wp\/v2\/pages\/7"}],"collection":[{"href":"https:\/\/stephaniegibaud.org\/index.php\/wp-json\/wp\/v2\/pages"}],"about":[{"href":"https:\/\/stephaniegibaud.org\/index.php\/wp-json\/wp\/v2\/types\/page"}],"author":[{"embeddable":true,"href":"https:\/\/stephaniegibaud.org\/index.php\/wp-json\/wp\/v2\/users\/1"}],"replies":[{"embeddable":true,"href":"https:\/\/stephaniegibaud.org\/index.php\/wp-json\/wp\/v2\/comments?post=7"}],"version-history":[{"count":3,"href":"https:\/\/stephaniegibaud.org\/index.php\/wp-json\/wp\/v2\/pages\/7\/revisions"}],"predecessor-version":[{"id":370,"href":"https:\/\/stephaniegibaud.org\/index.php\/wp-json\/wp\/v2\/pages\/7\/revisions\/370"}],"wp:attachment":[{"href":"https:\/\/stephaniegibaud.org\/index.php\/wp-json\/wp\/v2\/media?parent=7"}],"curies":[{"name":"wp","href":"https:\/\/api.w.org\/{rel}","templated":true}]}}