{"id":85,"date":"2017-09-27T16:15:01","date_gmt":"2017-09-27T14:15:01","guid":{"rendered":"http:\/\/stephaniegibaud.org\/?post_type=product&#038;p=85"},"modified":"2017-10-03T15:59:08","modified_gmt":"2017-10-03T13:59:08","slug":"la-traque-des-lanceurs-dalerte","status":"publish","type":"product","link":"https:\/\/stephaniegibaud.org\/index.php\/product\/la-traque-des-lanceurs-dalerte\/","title":{"rendered":"La traque des lanceurs d&#8217;alerte"},"content":{"rendered":"<p>Les lanceurs d\u2019alerte d\u00e9frayent l\u2019actualit\u00e9 depuis une dizaine d\u2019ann\u00e9es. Edward Snowden, Chelsea Manning et Julian Assange sont r\u00e9v\u00e9lateurs des m\u00e9thodes utilis\u00e9es pour faire craquer ceux qui ont le courage de parler des dysfonctionnements et des d\u00e9rives de notre soci\u00e9t\u00e9.<\/p>\n<p>Pourtant, ces h\u00e9ros sont devenus des parias. Leur vie est un enfer. Snowden est r\u00e9fugi\u00e9 en Russie, Assange dans une ambassade, Manning \u00e9tait en prison, St\u00e9phanie Gibaud et bien d\u2019autres sont dans une situation pr\u00e9caire, attaqu\u00e9s dans des proc\u00e8s sans fin et l\u00e2ch\u00e9s par les Etats.<\/p>\n<p>A travers des exemples concrets en France et \u00e0 l\u2019\u00e9tranger, l\u2019auteur d\u00e9taille la vie d\u2019une cinquantaine de lanceurs d\u2019alerte et les raisons pour lesquelles les Etats, les Politiques, la Justice, l\u2019Europe et les entreprises veulent leur peau.<\/p>\n<p><em>En poste chez UBS France \u00e0 Paris, St\u00e9phanie Gibaud a jou\u00e9 un r\u00f4le d\u00e9cisif en d\u00e9non\u00e7ant d\u00e8s 2008 les pratiques de blanchiment de fraude fiscale en bande organis\u00e9e de son entreprise. Elle re\u00e7oit le prix \u00ab Anticor \u00bb et est nomin\u00e9e pour le Prix Sakharov en 2015. Figure de proue des lanceurs d\u2019alerte fran\u00e7ais, elle milite pour leur protection en France et \u00e0 l\u2019\u00e9tranger.<\/em><\/p>\n","protected":false},"excerpt":{"rendered":"<p>Les lanceurs d\u2019alerte d\u00e9frayent l\u2019actualit\u00e9 depuis une dizaine d\u2019ann\u00e9es. Edward Snowden, Chelsea Manning et Julian Assange sont r\u00e9v\u00e9lateurs des m\u00e9thodes utilis\u00e9es pour faire craquer ceux qui ont le courage de parler des dysfonctionnements et&#46;&#46;&#46;<\/p>\n","protected":false},"featured_media":256,"comment_status":"open","ping_status":"closed","template":"","meta":[],"_links":{"self":[{"href":"https:\/\/stephaniegibaud.org\/index.php\/wp-json\/wp\/v2\/product\/85"}],"collection":[{"href":"https:\/\/stephaniegibaud.org\/index.php\/wp-json\/wp\/v2\/product"}],"about":[{"href":"https:\/\/stephaniegibaud.org\/index.php\/wp-json\/wp\/v2\/types\/product"}],"replies":[{"embeddable":true,"href":"https:\/\/stephaniegibaud.org\/index.php\/wp-json\/wp\/v2\/comments?post=85"}],"wp:featuredmedia":[{"embeddable":true,"href":"https:\/\/stephaniegibaud.org\/index.php\/wp-json\/wp\/v2\/media\/256"}],"wp:attachment":[{"href":"https:\/\/stephaniegibaud.org\/index.php\/wp-json\/wp\/v2\/media?parent=85"}],"curies":[{"name":"wp","href":"https:\/\/api.w.org\/{rel}","templated":true}]}}